{"id":16528,"date":"2022-08-30T22:01:26","date_gmt":"2022-08-30T22:01:26","guid":{"rendered":"https:\/\/sagarzazuquiropractic.com\/politica-de-datos\/"},"modified":"2023-02-22T15:15:37","modified_gmt":"2023-02-22T15:15:37","slug":"politica-de-datos","status":"publish","type":"page","link":"https:\/\/sagarzazuquiropractic.com\/es\/politica-de-datos\/","title":{"rendered":"Protecci\u00f3n de Datos"},"content":{"rendered":"\t\t<div data-elementor-type=\"wp-page\" data-elementor-id=\"16528\" class=\"elementor elementor-16528\">\n\t\t\t\t\t\t\t\t\t<section class=\"elementor-section elementor-top-section elementor-element elementor-element-8c399bf elementor-section-boxed elementor-section-height-default elementor-section-height-default qodef-elementor-content-no qodef-elementor-back-btn-skin-default qodef-section-title-text-holder-no qodef-section-line-animation-holder-no\" data-id=\"8c399bf\" data-element_type=\"section\">\n\t\t\t\t\t\t<div class=\"elementor-container elementor-column-gap-default\">\n\t\t\t\t\t<div class=\"elementor-column elementor-col-100 elementor-top-column elementor-element elementor-element-f80d1fe\" data-id=\"f80d1fe\" data-element_type=\"column\">\n\t\t\t<div class=\"elementor-widget-wrap elementor-element-populated\">\n\t\t\t\t\t\t\t\t<div class=\"elementor-element elementor-element-b0fea38 elementor-widget elementor-widget-heading\" data-id=\"b0fea38\" data-element_type=\"widget\" data-widget_type=\"heading.default\">\n\t\t\t\t<div class=\"elementor-widget-container\">\n\t\t\t<style>\/*! elementor - v3.7.2 - 21-08-2022 *\/\n.elementor-heading-title{padding:0;margin:0;line-height:1}.elementor-widget-heading .elementor-heading-title[class*=elementor-size-]>a{color:inherit;font-size:inherit;line-height:inherit}.elementor-widget-heading .elementor-heading-title.elementor-size-small{font-size:15px}.elementor-widget-heading .elementor-heading-title.elementor-size-medium{font-size:19px}.elementor-widget-heading .elementor-heading-title.elementor-size-large{font-size:29px}.elementor-widget-heading .elementor-heading-title.elementor-size-xl{font-size:39px}.elementor-widget-heading .elementor-heading-title.elementor-size-xxl{font-size:59px}<\/style><h2 class=\"elementor-heading-title elementor-size-default\">Protecci\u00f3n de Datos<\/h2>\t\t<\/div>\n\t\t\t\t<\/div>\n\t\t\t\t\t<\/div>\n\t\t<\/div>\n\t\t\t\t\t\t\t<\/div>\n\t\t<\/section>\n\t\t\t\t<section class=\"elementor-section elementor-top-section elementor-element elementor-element-3851e7d elementor-section-boxed elementor-section-height-default elementor-section-height-default qodef-elementor-content-no qodef-elementor-back-btn-skin-default qodef-section-title-text-holder-no qodef-section-line-animation-holder-no\" data-id=\"3851e7d\" data-element_type=\"section\">\n\t\t\t\t\t\t<div class=\"elementor-container elementor-column-gap-default\">\n\t\t\t\t\t<div class=\"elementor-column elementor-col-100 elementor-top-column elementor-element elementor-element-818318d\" data-id=\"818318d\" data-element_type=\"column\">\n\t\t\t<div class=\"elementor-widget-wrap elementor-element-populated\">\n\t\t\t\t\t\t\t\t<div class=\"elementor-element elementor-element-bbe5efd elementor-widget elementor-widget-text-editor\" data-id=\"bbe5efd\" data-element_type=\"widget\" data-widget_type=\"text-editor.default\">\n\t\t\t\t<div class=\"elementor-widget-container\">\n\t\t\t<style>\/*! elementor - v3.7.2 - 21-08-2022 *\/\n.elementor-widget-text-editor.elementor-drop-cap-view-stacked .elementor-drop-cap{background-color:#818a91;color:#fff}.elementor-widget-text-editor.elementor-drop-cap-view-framed .elementor-drop-cap{color:#818a91;border:3px solid;background-color:transparent}.elementor-widget-text-editor:not(.elementor-drop-cap-view-default) .elementor-drop-cap{margin-top:8px}.elementor-widget-text-editor:not(.elementor-drop-cap-view-default) .elementor-drop-cap-letter{width:1em;height:1em}.elementor-widget-text-editor .elementor-drop-cap{float:left;text-align:center;line-height:1;font-size:50px}.elementor-widget-text-editor .elementor-drop-cap-letter{display:inline-block}<\/style>\t\t\t\t<p>De conformidad con Reglamento General de Protecci\u00f3n de Datos (en adelante, RGPD), y de acuerdo con la Ley Org\u00e1nica 3\/2018, de 5 de diciembre, de Protecci\u00f3n de Datos Personales y garant\u00eda de los derechos digitales, usted da su consentimiento para el tratamiento de los datos personales aportados a trav\u00e9s de su petici\u00f3n.<\/p>\n<p>\u00c9stos ser\u00e1n incorporados al fichero correspondiente titularidad de GIRONA CHIROPRACTIC SL, inscrito en el Registro de Actividades de Tratamiento. Sus datos ser\u00e1n utilizados en la gesti\u00f3n administrativa y comercial de su petici\u00f3n y de nuestra eventual relaci\u00f3n contractual y no ser\u00e1n cedidos a terceros, salvo obligaci\u00f3n legal. Le informamos que podr\u00e1 ejercer los derechos establecidos en RGPD: Derecho a solicitar el acceso a los datos personales relativos al interesado, a solicitar su rectificaci\u00f3n o supresi\u00f3n, a solicitar la limitaci\u00f3n de su tratamiento, a oponerse al tratamiento ya la portabilidad de los datos; a trav\u00e9s de carta certificada, adjuntando fotocopia de su DNI\/Pasaporte, a la siguiente direcci\u00f3n: CL MANEL QUER 9 BAJO, 17002 GIRONA (GIRONA).<\/p>\n<p>Puede consultar la informaci\u00f3n adicional y detallada sobre Protecci\u00f3n de Datos solicitando documento informativo detallado que se encuentra a su disposici\u00f3n<\/p>\t\t\t\t\t\t<\/div>\n\t\t\t\t<\/div>\n\t\t\t\t\t<\/div>\n\t\t<\/div>\n\t\t\t\t\t\t\t<\/div>\n\t\t<\/section>\n\t\t\t\t\t\t\t<\/div>\n\t\t","protected":false},"excerpt":{"rendered":"<p>Protecci\u00f3n de Datos De conformidad con Reglamento General de Protecci\u00f3n de Datos (en adelante, RGPD), y de acuerdo con la Ley Org\u00e1nica 3\/2018, de 5 de diciembre, de Protecci\u00f3n de Datos Personales y garant\u00eda de los derechos digitales, usted da su consentimiento para el tratamiento de los datos personales aportados a trav\u00e9s de su petici\u00f3n. [&hellip;]<\/p>\n","protected":false},"author":1,"featured_media":0,"parent":0,"menu_order":0,"comment_status":"closed","ping_status":"closed","template":"","meta":{"_joinchat":[],"footnotes":""},"class_list":["post-16528","page","type-page","status-publish","hentry"],"yoast_head":"<!-- This site is optimized with the Yoast SEO plugin v19.7.1 - https:\/\/yoast.com\/wordpress\/plugins\/seo\/ -->\n<title>Protecci\u00f3n de Datos - Sagarzazu<\/title>\n<meta name=\"robots\" content=\"index, follow, max-snippet:-1, max-image-preview:large, max-video-preview:-1\" \/>\n<link rel=\"canonical\" href=\"https:\/\/sagarzazuquiropractic.com\/es\/politica-de-datos\/\" \/>\n<meta property=\"og:locale\" content=\"es_ES\" \/>\n<meta property=\"og:type\" content=\"article\" \/>\n<meta property=\"og:title\" content=\"Protecci\u00f3n de Datos - Sagarzazu\" \/>\n<meta property=\"og:description\" content=\"Protecci\u00f3n de Datos De conformidad con Reglamento General de Protecci\u00f3n de Datos (en adelante, RGPD), y de acuerdo con la Ley Org\u00e1nica 3\/2018, de 5 de diciembre, de Protecci\u00f3n de Datos Personales y garant\u00eda de los derechos digitales, usted da su consentimiento para el tratamiento de los datos personales aportados a trav\u00e9s de su petici\u00f3n. [&hellip;]\" \/>\n<meta property=\"og:url\" content=\"https:\/\/sagarzazuquiropractic.com\/es\/politica-de-datos\/\" \/>\n<meta property=\"og:site_name\" content=\"Sagarzazu\" \/>\n<meta property=\"article:modified_time\" content=\"2023-02-22T15:15:37+00:00\" \/>\n<meta name=\"twitter:card\" content=\"summary_large_image\" \/>\n<meta name=\"twitter:label1\" content=\"Tiempo de lectura\" \/>\n\t<meta name=\"twitter:data1\" content=\"1 minuto\" \/>\n<script type=\"application\/ld+json\" class=\"yoast-schema-graph\">{\"@context\":\"https:\/\/schema.org\",\"@graph\":[{\"@type\":\"WebPage\",\"@id\":\"https:\/\/sagarzazuquiropractic.com\/es\/politica-de-datos\/\",\"url\":\"https:\/\/sagarzazuquiropractic.com\/es\/politica-de-datos\/\",\"name\":\"Protecci\u00f3n de Datos - Sagarzazu\",\"isPartOf\":{\"@id\":\"https:\/\/sagarzazuquiropractic.com\/#website\"},\"datePublished\":\"2022-08-30T22:01:26+00:00\",\"dateModified\":\"2023-02-22T15:15:37+00:00\",\"breadcrumb\":{\"@id\":\"https:\/\/sagarzazuquiropractic.com\/es\/politica-de-datos\/#breadcrumb\"},\"inLanguage\":\"es\",\"potentialAction\":[{\"@type\":\"ReadAction\",\"target\":[\"https:\/\/sagarzazuquiropractic.com\/es\/politica-de-datos\/\"]}]},{\"@type\":\"BreadcrumbList\",\"@id\":\"https:\/\/sagarzazuquiropractic.com\/es\/politica-de-datos\/#breadcrumb\",\"itemListElement\":[{\"@type\":\"ListItem\",\"position\":1,\"name\":\"Inici\",\"item\":\"https:\/\/sagarzazuquiropractic.com\/es\/sagarzazu\/\"},{\"@type\":\"ListItem\",\"position\":2,\"name\":\"Protecci\u00f3n de Datos\"}]},{\"@type\":\"WebSite\",\"@id\":\"https:\/\/sagarzazuquiropractic.com\/#website\",\"url\":\"https:\/\/sagarzazuquiropractic.com\/\",\"name\":\"Sagarzazu\",\"description\":\"Centre Quiropractic Girona\",\"publisher\":{\"@id\":\"https:\/\/sagarzazuquiropractic.com\/#organization\"},\"potentialAction\":[{\"@type\":\"SearchAction\",\"target\":{\"@type\":\"EntryPoint\",\"urlTemplate\":\"https:\/\/sagarzazuquiropractic.com\/?s={search_term_string}\"},\"query-input\":\"required name=search_term_string\"}],\"inLanguage\":\"es\"},{\"@type\":\"Organization\",\"@id\":\"https:\/\/sagarzazuquiropractic.com\/#organization\",\"name\":\"Sagarzazu Quiropractic\",\"url\":\"https:\/\/sagarzazuquiropractic.com\/\",\"sameAs\":[\"https:\/\/www.instagram.com\/sagarzazu_centre_quiropractic\/\"],\"logo\":{\"@type\":\"ImageObject\",\"inLanguage\":\"es\",\"@id\":\"https:\/\/sagarzazuquiropractic.com\/#\/schema\/logo\/image\/\",\"url\":\"https:\/\/sagarzazuquiropractic.com\/\/wp-content\/uploads\/2022\/08\/cropped-logofavsz0.png\",\"contentUrl\":\"https:\/\/sagarzazuquiropractic.com\/\/wp-content\/uploads\/2022\/08\/cropped-logofavsz0.png\",\"width\":512,\"height\":512,\"caption\":\"Sagarzazu Quiropractic\"},\"image\":{\"@id\":\"https:\/\/sagarzazuquiropractic.com\/#\/schema\/logo\/image\/\"}}]}<\/script>\n<!-- \/ Yoast SEO plugin. -->","yoast_head_json":{"title":"Protecci\u00f3n de Datos - Sagarzazu","robots":{"index":"index","follow":"follow","max-snippet":"max-snippet:-1","max-image-preview":"max-image-preview:large","max-video-preview":"max-video-preview:-1"},"canonical":"https:\/\/sagarzazuquiropractic.com\/es\/politica-de-datos\/","og_locale":"es_ES","og_type":"article","og_title":"Protecci\u00f3n de Datos - Sagarzazu","og_description":"Protecci\u00f3n de Datos De conformidad con Reglamento General de Protecci\u00f3n de Datos (en adelante, RGPD), y de acuerdo con la Ley Org\u00e1nica 3\/2018, de 5 de diciembre, de Protecci\u00f3n de Datos Personales y garant\u00eda de los derechos digitales, usted da su consentimiento para el tratamiento de los datos personales aportados a trav\u00e9s de su petici\u00f3n. [&hellip;]","og_url":"https:\/\/sagarzazuquiropractic.com\/es\/politica-de-datos\/","og_site_name":"Sagarzazu","article_modified_time":"2023-02-22T15:15:37+00:00","twitter_card":"summary_large_image","twitter_misc":{"Tiempo de lectura":"1 minuto"},"schema":{"@context":"https:\/\/schema.org","@graph":[{"@type":"WebPage","@id":"https:\/\/sagarzazuquiropractic.com\/es\/politica-de-datos\/","url":"https:\/\/sagarzazuquiropractic.com\/es\/politica-de-datos\/","name":"Protecci\u00f3n de Datos - Sagarzazu","isPartOf":{"@id":"https:\/\/sagarzazuquiropractic.com\/#website"},"datePublished":"2022-08-30T22:01:26+00:00","dateModified":"2023-02-22T15:15:37+00:00","breadcrumb":{"@id":"https:\/\/sagarzazuquiropractic.com\/es\/politica-de-datos\/#breadcrumb"},"inLanguage":"es","potentialAction":[{"@type":"ReadAction","target":["https:\/\/sagarzazuquiropractic.com\/es\/politica-de-datos\/"]}]},{"@type":"BreadcrumbList","@id":"https:\/\/sagarzazuquiropractic.com\/es\/politica-de-datos\/#breadcrumb","itemListElement":[{"@type":"ListItem","position":1,"name":"Inici","item":"https:\/\/sagarzazuquiropractic.com\/es\/sagarzazu\/"},{"@type":"ListItem","position":2,"name":"Protecci\u00f3n de Datos"}]},{"@type":"WebSite","@id":"https:\/\/sagarzazuquiropractic.com\/#website","url":"https:\/\/sagarzazuquiropractic.com\/","name":"Sagarzazu","description":"Centre Quiropractic Girona","publisher":{"@id":"https:\/\/sagarzazuquiropractic.com\/#organization"},"potentialAction":[{"@type":"SearchAction","target":{"@type":"EntryPoint","urlTemplate":"https:\/\/sagarzazuquiropractic.com\/?s={search_term_string}"},"query-input":"required name=search_term_string"}],"inLanguage":"es"},{"@type":"Organization","@id":"https:\/\/sagarzazuquiropractic.com\/#organization","name":"Sagarzazu Quiropractic","url":"https:\/\/sagarzazuquiropractic.com\/","sameAs":["https:\/\/www.instagram.com\/sagarzazu_centre_quiropractic\/"],"logo":{"@type":"ImageObject","inLanguage":"es","@id":"https:\/\/sagarzazuquiropractic.com\/#\/schema\/logo\/image\/","url":"https:\/\/sagarzazuquiropractic.com\/\/wp-content\/uploads\/2022\/08\/cropped-logofavsz0.png","contentUrl":"https:\/\/sagarzazuquiropractic.com\/\/wp-content\/uploads\/2022\/08\/cropped-logofavsz0.png","width":512,"height":512,"caption":"Sagarzazu Quiropractic"},"image":{"@id":"https:\/\/sagarzazuquiropractic.com\/#\/schema\/logo\/image\/"}}]}},"_links":{"self":[{"href":"https:\/\/sagarzazuquiropractic.com\/es\/wp-json\/wp\/v2\/pages\/16528","targetHints":{"allow":["GET"]}}],"collection":[{"href":"https:\/\/sagarzazuquiropractic.com\/es\/wp-json\/wp\/v2\/pages"}],"about":[{"href":"https:\/\/sagarzazuquiropractic.com\/es\/wp-json\/wp\/v2\/types\/page"}],"author":[{"embeddable":true,"href":"https:\/\/sagarzazuquiropractic.com\/es\/wp-json\/wp\/v2\/users\/1"}],"replies":[{"embeddable":true,"href":"https:\/\/sagarzazuquiropractic.com\/es\/wp-json\/wp\/v2\/comments?post=16528"}],"version-history":[{"count":8,"href":"https:\/\/sagarzazuquiropractic.com\/es\/wp-json\/wp\/v2\/pages\/16528\/revisions"}],"predecessor-version":[{"id":17167,"href":"https:\/\/sagarzazuquiropractic.com\/es\/wp-json\/wp\/v2\/pages\/16528\/revisions\/17167"}],"wp:attachment":[{"href":"https:\/\/sagarzazuquiropractic.com\/es\/wp-json\/wp\/v2\/media?parent=16528"}],"curies":[{"name":"wp","href":"https:\/\/api.w.org\/{rel}","templated":true}]}}