{"id":14090,"date":"2022-08-08T12:59:48","date_gmt":"2022-08-08T12:59:48","guid":{"rendered":"https:\/\/sagarzazuquiropractic.com\/?page_id=14090"},"modified":"2025-07-24T15:39:40","modified_gmt":"2025-07-24T15:39:40","slug":"terminos-y-condiciones","status":"publish","type":"page","link":"https:\/\/sagarzazuquiropractic.com\/es\/terminos-y-condiciones\/","title":{"rendered":"T\u00e9rminos y condiciones"},"content":{"rendered":"\t\t<div data-elementor-type=\"wp-page\" data-elementor-id=\"14090\" class=\"elementor elementor-14090\">\n\t\t\t\t\t\t\t\t\t<section class=\"elementor-section elementor-top-section elementor-element elementor-element-a9b2e24 elementor-section-boxed elementor-section-height-default elementor-section-height-default qodef-elementor-content-no qodef-elementor-back-btn-skin-default qodef-section-title-text-holder-no qodef-section-line-animation-holder-no\" data-id=\"a9b2e24\" data-element_type=\"section\">\n\t\t\t\t\t\t<div class=\"elementor-container elementor-column-gap-default\">\n\t\t\t\t\t<div class=\"elementor-column elementor-col-100 elementor-top-column elementor-element elementor-element-e64b5be\" data-id=\"e64b5be\" data-element_type=\"column\">\n\t\t\t<div class=\"elementor-widget-wrap elementor-element-populated\">\n\t\t\t\t\t\t\t\t<div class=\"elementor-element elementor-element-318f08f elementor-widget elementor-widget-heading\" data-id=\"318f08f\" data-element_type=\"widget\" data-widget_type=\"heading.default\">\n\t\t\t\t<div class=\"elementor-widget-container\">\n\t\t\t<style>\/*! elementor - v3.7.2 - 21-08-2022 *\/\n.elementor-heading-title{padding:0;margin:0;line-height:1}.elementor-widget-heading .elementor-heading-title[class*=elementor-size-]>a{color:inherit;font-size:inherit;line-height:inherit}.elementor-widget-heading .elementor-heading-title.elementor-size-small{font-size:15px}.elementor-widget-heading .elementor-heading-title.elementor-size-medium{font-size:19px}.elementor-widget-heading .elementor-heading-title.elementor-size-large{font-size:29px}.elementor-widget-heading .elementor-heading-title.elementor-size-xl{font-size:39px}.elementor-widget-heading .elementor-heading-title.elementor-size-xxl{font-size:59px}<\/style><h2 class=\"elementor-heading-title elementor-size-default\">t\u00e9rminos y condiciones<\/h2>\t\t<\/div>\n\t\t\t\t<\/div>\n\t\t\t\t\t<\/div>\n\t\t<\/div>\n\t\t\t\t\t\t\t<\/div>\n\t\t<\/section>\n\t\t\t\t<section class=\"elementor-section elementor-top-section elementor-element elementor-element-acd697e elementor-section-boxed elementor-section-height-default elementor-section-height-default qodef-elementor-content-no qodef-elementor-back-btn-skin-default qodef-section-title-text-holder-no qodef-section-line-animation-holder-no\" data-id=\"acd697e\" data-element_type=\"section\">\n\t\t\t\t\t\t<div class=\"elementor-container elementor-column-gap-default\">\n\t\t\t\t\t<div class=\"elementor-column elementor-col-100 elementor-top-column elementor-element elementor-element-e3db527\" data-id=\"e3db527\" data-element_type=\"column\">\n\t\t\t<div class=\"elementor-widget-wrap elementor-element-populated\">\n\t\t\t\t\t\t\t\t<div class=\"elementor-element elementor-element-571aea3 elementor-widget elementor-widget-text-editor\" data-id=\"571aea3\" data-element_type=\"widget\" data-widget_type=\"text-editor.default\">\n\t\t\t\t<div class=\"elementor-widget-container\">\n\t\t\t<style>\/*! elementor - v3.7.2 - 21-08-2022 *\/\n.elementor-widget-text-editor.elementor-drop-cap-view-stacked .elementor-drop-cap{background-color:#818a91;color:#fff}.elementor-widget-text-editor.elementor-drop-cap-view-framed .elementor-drop-cap{color:#818a91;border:3px solid;background-color:transparent}.elementor-widget-text-editor:not(.elementor-drop-cap-view-default) .elementor-drop-cap{margin-top:8px}.elementor-widget-text-editor:not(.elementor-drop-cap-view-default) .elementor-drop-cap-letter{width:1em;height:1em}.elementor-widget-text-editor .elementor-drop-cap{float:left;text-align:center;line-height:1;font-size:50px}.elementor-widget-text-editor .elementor-drop-cap-letter{display:inline-block}<\/style>\t\t\t\t<p style=\"text-align: justify;\">QUIENES SOMOS<\/p><p>Texto sugerido: La direcci\u00f3n de nuestro sitio web es: https:\/\/sagarzazuquiropractic.com.<\/p><p>COMENTARIOS<\/p><p>Texto sugerido: cuando los visitantes dejan comentarios en el sitio, recopilamos los datos que se muestran en el formulario de comentarios, as\u00ed como la direcci\u00f3n IP del visitante y la cadena del agente de usuario del navegador para ayudar a la detecci\u00f3n de spam .<\/p><p>Se puede proporcionar una cadena an\u00f3nima creada a partir de su direcci\u00f3n de correo electr\u00f3nico (tambi\u00e9n llamada hash) en el servicio Gravatar para ver si la est\u00e1 utilizando. La pol\u00edtica de privacidad del servicio Gravatar est\u00e1 disponible aqu\u00ed: https:\/\/automattic.com\/privacy\/. Despu\u00e9s de la aprobaci\u00f3n de su comentario, su foto de perfil es visible para el p\u00fablico en el contexto de su comentario.<\/p><p>MEDIOS DE COMUNICACI\u00d3N<\/p><p>Texto sugerido: Si subes im\u00e1genes al sitio web, debes evitar subir im\u00e1genes con datos de ubicaci\u00f3n incrustados (GPS EXIF) incluidos. Los visitantes del sitio web pueden descargar y extraer cualquier dato de ubicaci\u00f3n de las im\u00e1genes del sitio web.<\/p><p>COOKIES<\/p><p>Texto sugerido: si deja un comentario en nuestro sitio, puede optar por guardar su nombre, direcci\u00f3n de correo electr\u00f3nico y sitio web en cookies. \u00c9stos son para su comodidad, para que no tenga que volver a rellenar los datos cuando deje otro comentario. Estas galletas tendr\u00e1n una duraci\u00f3n de un a\u00f1o.<\/p><p>Si visita nuestra p\u00e1gina de inicio de sesi\u00f3n, estableceremos una cookie temporal para determinar si su navegador acepta cookies. Esta cookie no contiene datos personales y se descarta cuando cierre su navegador.<\/p><p>Cuando inicie sesi\u00f3n, tambi\u00e9n configuraremos varias cookies para guardar su informaci\u00f3n de inicio de sesi\u00f3n y sus opciones de visualizaci\u00f3n de pantalla. Las cookies de inicio de sesi\u00f3n duran dos d\u00edas y las cookies de opciones de pantalla duran un a\u00f1o. Si selecciona \u00abRecordarme\u00bb, su inicio de sesi\u00f3n persistir\u00e1 durante dos semanas. Si cierra la sesi\u00f3n en su cuenta, se eliminar\u00e1n las cookies de inicio de sesi\u00f3n.<\/p><p>Si edita o publica un art\u00edculo, se guardar\u00e1 una cookie adicional en su navegador. Esta cookie no incluye datos personales y simplemente indica el ID de publicaci\u00f3n del art\u00edculo que acaba de editar. Caduca despu\u00e9s de un d\u00eda.<\/p><p>CONTENIDO INTEGRADO DE OTROS SITIOS WEB<\/p>\t\t\t\t\t\t<\/div>\n\t\t\t\t<\/div>\n\t\t\t\t\t<\/div>\n\t\t<\/div>\n\t\t\t\t\t\t\t<\/div>\n\t\t<\/section>\n\t\t\t\t\t\t\t<\/div>\n\t\t","protected":false},"excerpt":{"rendered":"<p>t\u00e9rminos y condiciones QUIENES SOMOS Texto sugerido: La direcci\u00f3n de nuestro sitio web es: https:\/\/sagarzazuquiropractic.com. COMENTARIOS Texto sugerido: cuando los visitantes dejan comentarios en el sitio, recopilamos los datos que se muestran en el formulario de comentarios, as\u00ed como la direcci\u00f3n IP del visitante y la cadena del agente de usuario del navegador para ayudar [&hellip;]<\/p>\n","protected":false},"author":1,"featured_media":0,"parent":0,"menu_order":0,"comment_status":"closed","ping_status":"closed","template":"","meta":{"_joinchat":[],"footnotes":""},"class_list":["post-14090","page","type-page","status-publish","hentry"],"yoast_head":"<!-- This site is optimized with the Yoast SEO plugin v19.7.1 - https:\/\/yoast.com\/wordpress\/plugins\/seo\/ -->\n<title>T\u00e9rminos y condiciones - Sagarzazu<\/title>\n<meta name=\"robots\" content=\"noindex, follow\" \/>\n<meta property=\"og:locale\" content=\"es_ES\" \/>\n<meta property=\"og:type\" content=\"article\" \/>\n<meta property=\"og:title\" content=\"T\u00e9rminos y condiciones - Sagarzazu\" \/>\n<meta property=\"og:description\" content=\"t\u00e9rminos y condiciones QUIENES SOMOS Texto sugerido: La direcci\u00f3n de nuestro sitio web es: https:\/\/sagarzazuquiropractic.com. COMENTARIOS Texto sugerido: cuando los visitantes dejan comentarios en el sitio, recopilamos los datos que se muestran en el formulario de comentarios, as\u00ed como la direcci\u00f3n IP del visitante y la cadena del agente de usuario del navegador para ayudar [&hellip;]\" \/>\n<meta property=\"og:url\" content=\"https:\/\/sagarzazuquiropractic.com\/es\/terminos-y-condiciones\/\" \/>\n<meta property=\"og:site_name\" content=\"Sagarzazu\" \/>\n<meta property=\"article:modified_time\" content=\"2025-07-24T15:39:40+00:00\" \/>\n<meta name=\"twitter:card\" content=\"summary_large_image\" \/>\n<meta name=\"twitter:label1\" content=\"Tiempo de lectura\" \/>\n\t<meta name=\"twitter:data1\" content=\"2 minutos\" \/>\n<script type=\"application\/ld+json\" class=\"yoast-schema-graph\">{\"@context\":\"https:\/\/schema.org\",\"@graph\":[{\"@type\":\"WebPage\",\"@id\":\"https:\/\/sagarzazuquiropractic.com\/es\/terminos-y-condiciones\/\",\"url\":\"https:\/\/sagarzazuquiropractic.com\/es\/terminos-y-condiciones\/\",\"name\":\"T\u00e9rminos y condiciones - Sagarzazu\",\"isPartOf\":{\"@id\":\"https:\/\/sagarzazuquiropractic.com\/#website\"},\"datePublished\":\"2022-08-08T12:59:48+00:00\",\"dateModified\":\"2025-07-24T15:39:40+00:00\",\"breadcrumb\":{\"@id\":\"https:\/\/sagarzazuquiropractic.com\/es\/terminos-y-condiciones\/#breadcrumb\"},\"inLanguage\":\"es\",\"potentialAction\":[{\"@type\":\"ReadAction\",\"target\":[\"https:\/\/sagarzazuquiropractic.com\/es\/terminos-y-condiciones\/\"]}]},{\"@type\":\"BreadcrumbList\",\"@id\":\"https:\/\/sagarzazuquiropractic.com\/es\/terminos-y-condiciones\/#breadcrumb\",\"itemListElement\":[{\"@type\":\"ListItem\",\"position\":1,\"name\":\"Inici\",\"item\":\"https:\/\/sagarzazuquiropractic.com\/es\/sagarzazu\/\"},{\"@type\":\"ListItem\",\"position\":2,\"name\":\"T\u00e9rminos y condiciones\"}]},{\"@type\":\"WebSite\",\"@id\":\"https:\/\/sagarzazuquiropractic.com\/#website\",\"url\":\"https:\/\/sagarzazuquiropractic.com\/\",\"name\":\"Sagarzazu\",\"description\":\"Centre Quiropractic Girona\",\"publisher\":{\"@id\":\"https:\/\/sagarzazuquiropractic.com\/#organization\"},\"potentialAction\":[{\"@type\":\"SearchAction\",\"target\":{\"@type\":\"EntryPoint\",\"urlTemplate\":\"https:\/\/sagarzazuquiropractic.com\/?s={search_term_string}\"},\"query-input\":\"required name=search_term_string\"}],\"inLanguage\":\"es\"},{\"@type\":\"Organization\",\"@id\":\"https:\/\/sagarzazuquiropractic.com\/#organization\",\"name\":\"Sagarzazu Quiropractic\",\"url\":\"https:\/\/sagarzazuquiropractic.com\/\",\"sameAs\":[\"https:\/\/www.instagram.com\/sagarzazu_centre_quiropractic\/\"],\"logo\":{\"@type\":\"ImageObject\",\"inLanguage\":\"es\",\"@id\":\"https:\/\/sagarzazuquiropractic.com\/#\/schema\/logo\/image\/\",\"url\":\"https:\/\/sagarzazuquiropractic.com\/\/wp-content\/uploads\/2022\/08\/cropped-logofavsz0.png\",\"contentUrl\":\"https:\/\/sagarzazuquiropractic.com\/\/wp-content\/uploads\/2022\/08\/cropped-logofavsz0.png\",\"width\":512,\"height\":512,\"caption\":\"Sagarzazu Quiropractic\"},\"image\":{\"@id\":\"https:\/\/sagarzazuquiropractic.com\/#\/schema\/logo\/image\/\"}}]}<\/script>\n<!-- \/ Yoast SEO plugin. -->","yoast_head_json":{"title":"T\u00e9rminos y condiciones - Sagarzazu","robots":{"index":"noindex","follow":"follow"},"og_locale":"es_ES","og_type":"article","og_title":"T\u00e9rminos y condiciones - Sagarzazu","og_description":"t\u00e9rminos y condiciones QUIENES SOMOS Texto sugerido: La direcci\u00f3n de nuestro sitio web es: https:\/\/sagarzazuquiropractic.com. COMENTARIOS Texto sugerido: cuando los visitantes dejan comentarios en el sitio, recopilamos los datos que se muestran en el formulario de comentarios, as\u00ed como la direcci\u00f3n IP del visitante y la cadena del agente de usuario del navegador para ayudar [&hellip;]","og_url":"https:\/\/sagarzazuquiropractic.com\/es\/terminos-y-condiciones\/","og_site_name":"Sagarzazu","article_modified_time":"2025-07-24T15:39:40+00:00","twitter_card":"summary_large_image","twitter_misc":{"Tiempo de lectura":"2 minutos"},"schema":{"@context":"https:\/\/schema.org","@graph":[{"@type":"WebPage","@id":"https:\/\/sagarzazuquiropractic.com\/es\/terminos-y-condiciones\/","url":"https:\/\/sagarzazuquiropractic.com\/es\/terminos-y-condiciones\/","name":"T\u00e9rminos y condiciones - Sagarzazu","isPartOf":{"@id":"https:\/\/sagarzazuquiropractic.com\/#website"},"datePublished":"2022-08-08T12:59:48+00:00","dateModified":"2025-07-24T15:39:40+00:00","breadcrumb":{"@id":"https:\/\/sagarzazuquiropractic.com\/es\/terminos-y-condiciones\/#breadcrumb"},"inLanguage":"es","potentialAction":[{"@type":"ReadAction","target":["https:\/\/sagarzazuquiropractic.com\/es\/terminos-y-condiciones\/"]}]},{"@type":"BreadcrumbList","@id":"https:\/\/sagarzazuquiropractic.com\/es\/terminos-y-condiciones\/#breadcrumb","itemListElement":[{"@type":"ListItem","position":1,"name":"Inici","item":"https:\/\/sagarzazuquiropractic.com\/es\/sagarzazu\/"},{"@type":"ListItem","position":2,"name":"T\u00e9rminos y condiciones"}]},{"@type":"WebSite","@id":"https:\/\/sagarzazuquiropractic.com\/#website","url":"https:\/\/sagarzazuquiropractic.com\/","name":"Sagarzazu","description":"Centre Quiropractic Girona","publisher":{"@id":"https:\/\/sagarzazuquiropractic.com\/#organization"},"potentialAction":[{"@type":"SearchAction","target":{"@type":"EntryPoint","urlTemplate":"https:\/\/sagarzazuquiropractic.com\/?s={search_term_string}"},"query-input":"required name=search_term_string"}],"inLanguage":"es"},{"@type":"Organization","@id":"https:\/\/sagarzazuquiropractic.com\/#organization","name":"Sagarzazu Quiropractic","url":"https:\/\/sagarzazuquiropractic.com\/","sameAs":["https:\/\/www.instagram.com\/sagarzazu_centre_quiropractic\/"],"logo":{"@type":"ImageObject","inLanguage":"es","@id":"https:\/\/sagarzazuquiropractic.com\/#\/schema\/logo\/image\/","url":"https:\/\/sagarzazuquiropractic.com\/\/wp-content\/uploads\/2022\/08\/cropped-logofavsz0.png","contentUrl":"https:\/\/sagarzazuquiropractic.com\/\/wp-content\/uploads\/2022\/08\/cropped-logofavsz0.png","width":512,"height":512,"caption":"Sagarzazu Quiropractic"},"image":{"@id":"https:\/\/sagarzazuquiropractic.com\/#\/schema\/logo\/image\/"}}]}},"_links":{"self":[{"href":"https:\/\/sagarzazuquiropractic.com\/es\/wp-json\/wp\/v2\/pages\/14090","targetHints":{"allow":["GET"]}}],"collection":[{"href":"https:\/\/sagarzazuquiropractic.com\/es\/wp-json\/wp\/v2\/pages"}],"about":[{"href":"https:\/\/sagarzazuquiropractic.com\/es\/wp-json\/wp\/v2\/types\/page"}],"author":[{"embeddable":true,"href":"https:\/\/sagarzazuquiropractic.com\/es\/wp-json\/wp\/v2\/users\/1"}],"replies":[{"embeddable":true,"href":"https:\/\/sagarzazuquiropractic.com\/es\/wp-json\/wp\/v2\/comments?post=14090"}],"version-history":[{"count":18,"href":"https:\/\/sagarzazuquiropractic.com\/es\/wp-json\/wp\/v2\/pages\/14090\/revisions"}],"predecessor-version":[{"id":17484,"href":"https:\/\/sagarzazuquiropractic.com\/es\/wp-json\/wp\/v2\/pages\/14090\/revisions\/17484"}],"wp:attachment":[{"href":"https:\/\/sagarzazuquiropractic.com\/es\/wp-json\/wp\/v2\/media?parent=14090"}],"curies":[{"name":"wp","href":"https:\/\/api.w.org\/{rel}","templated":true}]}}