{"id":14085,"date":"2022-08-08T12:56:16","date_gmt":"2022-08-08T12:56:16","guid":{"rendered":"https:\/\/sagarzazuquiropractic.com\/?page_id=14085"},"modified":"2025-07-24T15:39:30","modified_gmt":"2025-07-24T15:39:30","slug":"aviso-legal","status":"publish","type":"page","link":"https:\/\/sagarzazuquiropractic.com\/es\/aviso-legal\/","title":{"rendered":"Aviso Legal"},"content":{"rendered":"\t\t<div data-elementor-type=\"wp-page\" data-elementor-id=\"14085\" class=\"elementor elementor-14085\">\n\t\t\t\t\t\t\t\t\t<section class=\"elementor-section elementor-top-section elementor-element elementor-element-e33d6fe elementor-section-boxed elementor-section-height-default elementor-section-height-default qodef-elementor-content-no qodef-elementor-back-btn-skin-default qodef-section-title-text-holder-no qodef-section-line-animation-holder-no\" data-id=\"e33d6fe\" data-element_type=\"section\">\n\t\t\t\t\t\t<div class=\"elementor-container elementor-column-gap-default\">\n\t\t\t\t\t<div class=\"elementor-column elementor-col-100 elementor-top-column elementor-element elementor-element-ea2ff81\" data-id=\"ea2ff81\" data-element_type=\"column\">\n\t\t\t<div class=\"elementor-widget-wrap elementor-element-populated\">\n\t\t\t\t\t\t\t\t<div class=\"elementor-element elementor-element-63186ad elementor-widget elementor-widget-heading\" data-id=\"63186ad\" data-element_type=\"widget\" data-widget_type=\"heading.default\">\n\t\t\t\t<div class=\"elementor-widget-container\">\n\t\t\t<style>\/*! elementor - v3.7.2 - 21-08-2022 *\/\n.elementor-heading-title{padding:0;margin:0;line-height:1}.elementor-widget-heading .elementor-heading-title[class*=elementor-size-]>a{color:inherit;font-size:inherit;line-height:inherit}.elementor-widget-heading .elementor-heading-title.elementor-size-small{font-size:15px}.elementor-widget-heading .elementor-heading-title.elementor-size-medium{font-size:19px}.elementor-widget-heading .elementor-heading-title.elementor-size-large{font-size:29px}.elementor-widget-heading .elementor-heading-title.elementor-size-xl{font-size:39px}.elementor-widget-heading .elementor-heading-title.elementor-size-xxl{font-size:59px}<\/style><h1 class=\"elementor-heading-title elementor-size-default\">aviso legal<\/h1>\t\t<\/div>\n\t\t\t\t<\/div>\n\t\t\t\t\t<\/div>\n\t\t<\/div>\n\t\t\t\t\t\t\t<\/div>\n\t\t<\/section>\n\t\t\t\t<section class=\"elementor-section elementor-top-section elementor-element elementor-element-a3ed2e9 elementor-section-boxed elementor-section-height-default elementor-section-height-default qodef-elementor-content-no qodef-elementor-back-btn-skin-default qodef-section-title-text-holder-no qodef-section-line-animation-holder-no\" data-id=\"a3ed2e9\" data-element_type=\"section\">\n\t\t\t\t\t\t<div class=\"elementor-container elementor-column-gap-default\">\n\t\t\t\t\t<div class=\"elementor-column elementor-col-100 elementor-top-column elementor-element elementor-element-cda4ffc\" data-id=\"cda4ffc\" data-element_type=\"column\">\n\t\t\t<div class=\"elementor-widget-wrap elementor-element-populated\">\n\t\t\t\t\t\t\t\t<div class=\"elementor-element elementor-element-eaf0ff5 elementor-widget elementor-widget-text-editor\" data-id=\"eaf0ff5\" data-element_type=\"widget\" data-widget_type=\"text-editor.default\">\n\t\t\t\t<div class=\"elementor-widget-container\">\n\t\t\t<style>\/*! elementor - v3.7.2 - 21-08-2022 *\/\n.elementor-widget-text-editor.elementor-drop-cap-view-stacked .elementor-drop-cap{background-color:#818a91;color:#fff}.elementor-widget-text-editor.elementor-drop-cap-view-framed .elementor-drop-cap{color:#818a91;border:3px solid;background-color:transparent}.elementor-widget-text-editor:not(.elementor-drop-cap-view-default) .elementor-drop-cap{margin-top:8px}.elementor-widget-text-editor:not(.elementor-drop-cap-view-default) .elementor-drop-cap-letter{width:1em;height:1em}.elementor-widget-text-editor .elementor-drop-cap{float:left;text-align:center;line-height:1;font-size:50px}.elementor-widget-text-editor .elementor-drop-cap-letter{display:inline-block}<\/style>\t\t\t\t<h5>Condiciones generales de uso del portal GIRONA CHIROPRACTIC SL.<\/h5><p>GIRONA CHIROPRACTIC SL le informa que el acceso y uso de la p\u00e1gina web www.sagarzazuquiropractic.com y todos los subdominios y directorios incluidos bajo la misma, as\u00ed como los servicios o contenidos que a trav\u00e9s de \u00e9l se puedan obtener y todos los portales de dominio propio bajo titularidad de GIRONA CHIROPRACTIC SL, est\u00e1n sujetos a los t\u00e9rminos que se detallan en este Aviso Legal, sin perjuicio de que el acceso a alguno de dichos servicios o contenidos pudieran precisar de la aceptaci\u00f3n de unas Condiciones Generales particulares adicionales.<\/p><p>Por eso, si las consideraciones detalladas en este Aviso Legal no son de su conformidad, rogamos no haga uso del Portal, ya que cualquier uso que haga del mismo o de los servicios y contenidos en \u00e9l incluidos implicar\u00e1 la aceptaci\u00f3n de los t\u00e9rminos legales recogidos a ese texto.<\/p><p>GIRONA CHIROPRACTIC SL se reserva el derecho a realizar cambios en el Portal www.sagarzazuquiropractic.com y en todos los portales web del que es titular sin previo aviso, a fin de actualizar, corregir, modificar, a\u00f1adir o eliminar los contenidos del Portal o del dise\u00f1o . Los contenidos y servicios que ofrecen los Portales se actualizan peri\u00f3dicamente. Dado que la actualizaci\u00f3n de la informaci\u00f3n no es inmediata, le sugerimos que compruebe siempre la vigencia y exactitud de la informaci\u00f3n, servicios y contenidos recogidos en los mismos. Las condiciones y t\u00e9rminos que se recogen en este Aviso Legal pueden variar, por lo que le invitamos a que revise estos t\u00e9rminos cuando visite de nuevo el Portal.<\/p>\t\t\t\t\t\t<\/div>\n\t\t\t\t<\/div>\n\t\t\t\t<div class=\"elementor-element elementor-element-c4a799d elementor-widget elementor-widget-text-editor\" data-id=\"c4a799d\" data-element_type=\"widget\" data-widget_type=\"text-editor.default\">\n\t\t\t\t<div class=\"elementor-widget-container\">\n\t\t\t\t\t\t\t<h6>Derechos de propiedad intelectual y de propiedad industrial<\/h6><p>Tanto el dise\u00f1o del Portal de GIRONA CHIROPRACTIC SL y de los portales web de su titularidad y sus c\u00f3digos fuente, como los logos, marcas, y otros signos distintivos que aparecen, pertenecen a GIRONA CHIROPRACTIC SL y est\u00e1n protegidos por los correspondientes derechos de propiedad intelectual e industrial. Igualmente est\u00e1n protegidos por los correspondientes derechos de propiedad intelectual e industrial las im\u00e1genes y dem\u00e1s contenidos incluidos en el servidor de GIRONA CHIROPRACTIC SL.<\/p><p>Su uso, reproducci\u00f3n, distribuci\u00f3n, comunicaci\u00f3n p\u00fablica, transformaci\u00f3n o cualquier otra actividad similar o an\u00e1loga, queda totalmente prohibida a menos que intervenga expresa autorizaci\u00f3n de GIRONA CHIROPRACTIC SL. La licencia de uso de cualquier contenido de este Portal otorgada al usuario se limita a la descarga por parte del usuario de este contenido y el uso privado de este Portal, siempre que los contenidos permanezcan \u00edntegros <strong>GIRONA CHIROPRACTIC SL declara el respeto a los derechos de propiedad intelectual e industrial de terceros; por eso, si considera que este sitio pudiera estar violando sus derechos, rogamos se ponga en contacto con GIRONA CHIROPRACTIC SL<\/strong><\/p>\t\t\t\t\t\t<\/div>\n\t\t\t\t<\/div>\n\t\t\t\t<div class=\"elementor-element elementor-element-862fc66 elementor-widget elementor-widget-text-editor\" data-id=\"862fc66\" data-element_type=\"widget\" data-widget_type=\"text-editor.default\">\n\t\t\t\t<div class=\"elementor-widget-container\">\n\t\t\t\t\t\t\t<h6>Privacidad<\/h6><p>De conformidad con el Reglamento General de Protecci\u00f3n de Datos (en adelante, RGPD), publicado en mayo de 2016, GIRONA CHIROPRACTIC SL, se compromete al cumplimiento de su obligaci\u00f3n de secreto con respecto a los datos de car\u00e1cter personal y al deber de tratarlas con confidencialidad. A estos efectos, adoptar\u00e1 las medidas necesarias para evitar su alteraci\u00f3n, p\u00e9rdida, tratamiento o acceso no autorizado. La recogida y tratamiento automatizado de los datos personales tiene como finalidad la gesti\u00f3n, prestaci\u00f3n, ampliaci\u00f3n y mejora de los servicios solicitados en cada momento por el usuario y el seguimiento de consultas planteadas por los usuarios.<\/p><p>Usted tendr\u00e1 la posibilidad de ejercer los derechos de acceso, rectificaci\u00f3n, cancelaci\u00f3n, portabilidad, limitaci\u00f3n y oposici\u00f3n de sus datos personales, solicit\u00e1ndolo por correo certificado.<\/p><p>GIRONA CHIROPRACTIC SL mantiene los niveles de protecci\u00f3n de sus datos personales conforme al RGPD, relativo a las medidas de seguridad de los ficheros automatizados que contengan datos de car\u00e1cter personal, estableciendo todos los medios t\u00e9cnicos a su alcance para evitar la p\u00e9rdida, el mal uso, alteraci\u00f3n, acceso no autorizado y robo de los datos que facilite a GIRONA CHIROPRACTIC SL, sin perjuicio de que las medidas de seguridad en Internet no sean inexpugnables.<\/p><p>GIRONA CHIROPRACTIC SL se reserva la facultad de modificar esta Pol\u00edtica de Privacidad para adaptarla a las novedades legislativas, jurisprudenciales o de interpretaci\u00f3n de la Agencia Espa\u00f1ola de Protecci\u00f3n de Datos. En este caso, GIRONA CHIROPRACTIC SL anunciar\u00e1 estos cambios, indicando claramente y con la debida antelaci\u00f3n las modificaciones efectuadas, solicitando, en caso necesario, su aceptaci\u00f3n de dichos cambios.<\/p>\t\t\t\t\t\t<\/div>\n\t\t\t\t<\/div>\n\t\t\t\t<div class=\"elementor-element elementor-element-a0a3a69 elementor-widget elementor-widget-text-editor\" data-id=\"a0a3a69\" data-element_type=\"widget\" data-widget_type=\"text-editor.default\">\n\t\t\t\t<div class=\"elementor-widget-container\">\n\t\t\t\t\t\t\t<h6>Ley aplicable y jurisdicci\u00f3n<\/h6>\nLa ley aplicable en caso de disputa o conflicto de interpretaci\u00f3n de los t\u00e9rminos que conforman este Aviso Legal, as\u00ed como cualquier cuesti\u00f3n relacionada con los servicios del presente Portal, ser\u00e1 la ley espa\u00f1ola. Para la resoluci\u00f3n de cualquier conflicto que pueda surgir con ocasi\u00f3n de la visita al Portal o del uso de los servicios que puedan ofrecerse, GIRONA CHIROPRACTIC SL y el Usuario acuerdan someterse a los Jueces y Tribunales de domicilio del Usuario , siempre que el mismo est\u00e9 situado en territorio espa\u00f1ol.\t\t\t\t\t\t<\/div>\n\t\t\t\t<\/div>\n\t\t\t\t<div class=\"elementor-element elementor-element-c0b2c44 elementor-widget elementor-widget-text-editor\" data-id=\"c0b2c44\" data-element_type=\"widget\" data-widget_type=\"text-editor.default\">\n\t\t\t\t<div class=\"elementor-widget-container\">\n\t\t\t\t\t\t\t<h6>Framas<\/h6>\nGIRONA CHIROPRACTIC SL proh\u00edbe expresamente la realizaci\u00f3n de frammings o la utilizaci\u00f3n por parte de terceros de cualquier otro mecanismo que alteren el dise\u00f1o, configuraci\u00f3n original o contenidos de su portal o portales bajo su titularidad.\t\t\t\t\t\t<\/div>\n\t\t\t\t<\/div>\n\t\t\t\t<div class=\"elementor-element elementor-element-65524b9 elementor-widget elementor-widget-text-editor\" data-id=\"65524b9\" data-element_type=\"widget\" data-widget_type=\"text-editor.default\">\n\t\t\t\t<div class=\"elementor-widget-container\">\n\t\t\t\t\t\t\t<h6>Medidas de protecci\u00f3n frente a uso abusivo o robotizado<\/h6>\nGIRONA CHIROPRACTIC SL se reserva el derecho a realizar cambios t\u00e9cnicos en el Portal www.sagarzazuquiropractic.com y en todos los portales web del que es titular sin previo aviso, a fin de preservar su disponibilidad ante eventuales usos abusivos manuales o robotizados de acceso a lo mismo.\t\t\t\t\t\t<\/div>\n\t\t\t\t<\/div>\n\t\t\t\t<div class=\"elementor-element elementor-element-1c02a87 elementor-widget elementor-widget-text-editor\" data-id=\"1c02a87\" data-element_type=\"widget\" data-widget_type=\"text-editor.default\">\n\t\t\t\t<div class=\"elementor-widget-container\">\n\t\t\t\t\t\t\t<h6>Estad\u00edsticas de uso<\/h6>\nGIRONA CHIROPRACTIC SL le informa sobre la utilizaci\u00f3n de Google Analytics en este portal.\t\t\t\t\t\t<\/div>\n\t\t\t\t<\/div>\n\t\t\t\t\t<\/div>\n\t\t<\/div>\n\t\t\t\t\t\t\t<\/div>\n\t\t<\/section>\n\t\t\t\t\t\t\t<\/div>\n\t\t","protected":false},"excerpt":{"rendered":"<p>aviso legal Condiciones generales de uso del portal GIRONA CHIROPRACTIC SL. GIRONA CHIROPRACTIC SL le informa que el acceso y uso de la p\u00e1gina web www.sagarzazuquiropractic.com y todos los subdominios y directorios incluidos bajo la misma, as\u00ed como los servicios o contenidos que a trav\u00e9s de \u00e9l se puedan obtener y todos los portales de [&hellip;]<\/p>\n","protected":false},"author":1,"featured_media":0,"parent":0,"menu_order":0,"comment_status":"closed","ping_status":"closed","template":"","meta":{"_joinchat":[],"footnotes":""},"class_list":["post-14085","page","type-page","status-publish","hentry"],"yoast_head":"<!-- This site is optimized with the Yoast SEO plugin v19.7.1 - https:\/\/yoast.com\/wordpress\/plugins\/seo\/ -->\n<title>Aviso Legal - Sagarzazu<\/title>\n<meta name=\"robots\" content=\"noindex, follow\" \/>\n<meta property=\"og:locale\" content=\"es_ES\" \/>\n<meta property=\"og:type\" content=\"article\" \/>\n<meta property=\"og:title\" content=\"Aviso Legal - Sagarzazu\" \/>\n<meta property=\"og:description\" content=\"aviso legal Condiciones generales de uso del portal GIRONA CHIROPRACTIC SL. GIRONA CHIROPRACTIC SL le informa que el acceso y uso de la p\u00e1gina web www.sagarzazuquiropractic.com y todos los subdominios y directorios incluidos bajo la misma, as\u00ed como los servicios o contenidos que a trav\u00e9s de \u00e9l se puedan obtener y todos los portales de [&hellip;]\" \/>\n<meta property=\"og:url\" content=\"https:\/\/sagarzazuquiropractic.com\/es\/aviso-legal\/\" \/>\n<meta property=\"og:site_name\" content=\"Sagarzazu\" \/>\n<meta property=\"article:modified_time\" content=\"2025-07-24T15:39:30+00:00\" \/>\n<meta name=\"twitter:card\" content=\"summary_large_image\" \/>\n<meta name=\"twitter:label1\" content=\"Tiempo de lectura\" \/>\n\t<meta name=\"twitter:data1\" content=\"5 minutos\" \/>\n<script type=\"application\/ld+json\" class=\"yoast-schema-graph\">{\"@context\":\"https:\/\/schema.org\",\"@graph\":[{\"@type\":\"WebPage\",\"@id\":\"https:\/\/sagarzazuquiropractic.com\/es\/aviso-legal\/\",\"url\":\"https:\/\/sagarzazuquiropractic.com\/es\/aviso-legal\/\",\"name\":\"Aviso Legal - Sagarzazu\",\"isPartOf\":{\"@id\":\"https:\/\/sagarzazuquiropractic.com\/#website\"},\"datePublished\":\"2022-08-08T12:56:16+00:00\",\"dateModified\":\"2025-07-24T15:39:30+00:00\",\"breadcrumb\":{\"@id\":\"https:\/\/sagarzazuquiropractic.com\/es\/aviso-legal\/#breadcrumb\"},\"inLanguage\":\"es\",\"potentialAction\":[{\"@type\":\"ReadAction\",\"target\":[\"https:\/\/sagarzazuquiropractic.com\/es\/aviso-legal\/\"]}]},{\"@type\":\"BreadcrumbList\",\"@id\":\"https:\/\/sagarzazuquiropractic.com\/es\/aviso-legal\/#breadcrumb\",\"itemListElement\":[{\"@type\":\"ListItem\",\"position\":1,\"name\":\"Inici\",\"item\":\"https:\/\/sagarzazuquiropractic.com\/es\/sagarzazu\/\"},{\"@type\":\"ListItem\",\"position\":2,\"name\":\"Aviso Legal\"}]},{\"@type\":\"WebSite\",\"@id\":\"https:\/\/sagarzazuquiropractic.com\/#website\",\"url\":\"https:\/\/sagarzazuquiropractic.com\/\",\"name\":\"Sagarzazu\",\"description\":\"Centre Quiropractic Girona\",\"publisher\":{\"@id\":\"https:\/\/sagarzazuquiropractic.com\/#organization\"},\"potentialAction\":[{\"@type\":\"SearchAction\",\"target\":{\"@type\":\"EntryPoint\",\"urlTemplate\":\"https:\/\/sagarzazuquiropractic.com\/?s={search_term_string}\"},\"query-input\":\"required name=search_term_string\"}],\"inLanguage\":\"es\"},{\"@type\":\"Organization\",\"@id\":\"https:\/\/sagarzazuquiropractic.com\/#organization\",\"name\":\"Sagarzazu Quiropractic\",\"url\":\"https:\/\/sagarzazuquiropractic.com\/\",\"sameAs\":[\"https:\/\/www.instagram.com\/sagarzazu_centre_quiropractic\/\"],\"logo\":{\"@type\":\"ImageObject\",\"inLanguage\":\"es\",\"@id\":\"https:\/\/sagarzazuquiropractic.com\/#\/schema\/logo\/image\/\",\"url\":\"https:\/\/sagarzazuquiropractic.com\/\/wp-content\/uploads\/2022\/08\/cropped-logofavsz0.png\",\"contentUrl\":\"https:\/\/sagarzazuquiropractic.com\/\/wp-content\/uploads\/2022\/08\/cropped-logofavsz0.png\",\"width\":512,\"height\":512,\"caption\":\"Sagarzazu Quiropractic\"},\"image\":{\"@id\":\"https:\/\/sagarzazuquiropractic.com\/#\/schema\/logo\/image\/\"}}]}<\/script>\n<!-- \/ Yoast SEO plugin. -->","yoast_head_json":{"title":"Aviso Legal - Sagarzazu","robots":{"index":"noindex","follow":"follow"},"og_locale":"es_ES","og_type":"article","og_title":"Aviso Legal - Sagarzazu","og_description":"aviso legal Condiciones generales de uso del portal GIRONA CHIROPRACTIC SL. GIRONA CHIROPRACTIC SL le informa que el acceso y uso de la p\u00e1gina web www.sagarzazuquiropractic.com y todos los subdominios y directorios incluidos bajo la misma, as\u00ed como los servicios o contenidos que a trav\u00e9s de \u00e9l se puedan obtener y todos los portales de [&hellip;]","og_url":"https:\/\/sagarzazuquiropractic.com\/es\/aviso-legal\/","og_site_name":"Sagarzazu","article_modified_time":"2025-07-24T15:39:30+00:00","twitter_card":"summary_large_image","twitter_misc":{"Tiempo de lectura":"5 minutos"},"schema":{"@context":"https:\/\/schema.org","@graph":[{"@type":"WebPage","@id":"https:\/\/sagarzazuquiropractic.com\/es\/aviso-legal\/","url":"https:\/\/sagarzazuquiropractic.com\/es\/aviso-legal\/","name":"Aviso Legal - Sagarzazu","isPartOf":{"@id":"https:\/\/sagarzazuquiropractic.com\/#website"},"datePublished":"2022-08-08T12:56:16+00:00","dateModified":"2025-07-24T15:39:30+00:00","breadcrumb":{"@id":"https:\/\/sagarzazuquiropractic.com\/es\/aviso-legal\/#breadcrumb"},"inLanguage":"es","potentialAction":[{"@type":"ReadAction","target":["https:\/\/sagarzazuquiropractic.com\/es\/aviso-legal\/"]}]},{"@type":"BreadcrumbList","@id":"https:\/\/sagarzazuquiropractic.com\/es\/aviso-legal\/#breadcrumb","itemListElement":[{"@type":"ListItem","position":1,"name":"Inici","item":"https:\/\/sagarzazuquiropractic.com\/es\/sagarzazu\/"},{"@type":"ListItem","position":2,"name":"Aviso Legal"}]},{"@type":"WebSite","@id":"https:\/\/sagarzazuquiropractic.com\/#website","url":"https:\/\/sagarzazuquiropractic.com\/","name":"Sagarzazu","description":"Centre Quiropractic Girona","publisher":{"@id":"https:\/\/sagarzazuquiropractic.com\/#organization"},"potentialAction":[{"@type":"SearchAction","target":{"@type":"EntryPoint","urlTemplate":"https:\/\/sagarzazuquiropractic.com\/?s={search_term_string}"},"query-input":"required name=search_term_string"}],"inLanguage":"es"},{"@type":"Organization","@id":"https:\/\/sagarzazuquiropractic.com\/#organization","name":"Sagarzazu Quiropractic","url":"https:\/\/sagarzazuquiropractic.com\/","sameAs":["https:\/\/www.instagram.com\/sagarzazu_centre_quiropractic\/"],"logo":{"@type":"ImageObject","inLanguage":"es","@id":"https:\/\/sagarzazuquiropractic.com\/#\/schema\/logo\/image\/","url":"https:\/\/sagarzazuquiropractic.com\/\/wp-content\/uploads\/2022\/08\/cropped-logofavsz0.png","contentUrl":"https:\/\/sagarzazuquiropractic.com\/\/wp-content\/uploads\/2022\/08\/cropped-logofavsz0.png","width":512,"height":512,"caption":"Sagarzazu Quiropractic"},"image":{"@id":"https:\/\/sagarzazuquiropractic.com\/#\/schema\/logo\/image\/"}}]}},"_links":{"self":[{"href":"https:\/\/sagarzazuquiropractic.com\/es\/wp-json\/wp\/v2\/pages\/14085","targetHints":{"allow":["GET"]}}],"collection":[{"href":"https:\/\/sagarzazuquiropractic.com\/es\/wp-json\/wp\/v2\/pages"}],"about":[{"href":"https:\/\/sagarzazuquiropractic.com\/es\/wp-json\/wp\/v2\/types\/page"}],"author":[{"embeddable":true,"href":"https:\/\/sagarzazuquiropractic.com\/es\/wp-json\/wp\/v2\/users\/1"}],"replies":[{"embeddable":true,"href":"https:\/\/sagarzazuquiropractic.com\/es\/wp-json\/wp\/v2\/comments?post=14085"}],"version-history":[{"count":14,"href":"https:\/\/sagarzazuquiropractic.com\/es\/wp-json\/wp\/v2\/pages\/14085\/revisions"}],"predecessor-version":[{"id":17483,"href":"https:\/\/sagarzazuquiropractic.com\/es\/wp-json\/wp\/v2\/pages\/14085\/revisions\/17483"}],"wp:attachment":[{"href":"https:\/\/sagarzazuquiropractic.com\/es\/wp-json\/wp\/v2\/media?parent=14085"}],"curies":[{"name":"wp","href":"https:\/\/api.w.org\/{rel}","templated":true}]}}