{"id":14077,"date":"2022-08-08T12:29:13","date_gmt":"2022-08-08T12:29:13","guid":{"rendered":"https:\/\/sagarzazuquiropractic.com\/?page_id=14077"},"modified":"2023-09-05T18:18:31","modified_gmt":"2023-09-05T18:18:31","slug":"politica-de-cookies","status":"publish","type":"page","link":"https:\/\/sagarzazuquiropractic.com\/es\/politica-de-cookies\/","title":{"rendered":"Pol\u00edtica de Cookies"},"content":{"rendered":"\t\t<div data-elementor-type=\"wp-page\" data-elementor-id=\"14077\" class=\"elementor elementor-14077\">\n\t\t\t\t\t\t\t\t\t<section class=\"elementor-section elementor-top-section elementor-element elementor-element-8c399bf elementor-section-boxed elementor-section-height-default elementor-section-height-default qodef-elementor-content-no qodef-elementor-back-btn-skin-default qodef-section-title-text-holder-no qodef-section-line-animation-holder-no\" data-id=\"8c399bf\" data-element_type=\"section\">\n\t\t\t\t\t\t<div class=\"elementor-container elementor-column-gap-default\">\n\t\t\t\t\t<div class=\"elementor-column elementor-col-100 elementor-top-column elementor-element elementor-element-f80d1fe\" data-id=\"f80d1fe\" data-element_type=\"column\">\n\t\t\t<div class=\"elementor-widget-wrap elementor-element-populated\">\n\t\t\t\t\t\t\t\t<div class=\"elementor-element elementor-element-b0fea38 elementor-widget elementor-widget-heading\" data-id=\"b0fea38\" data-element_type=\"widget\" data-widget_type=\"heading.default\">\n\t\t\t\t<div class=\"elementor-widget-container\">\n\t\t\t<style>\/*! elementor - v3.7.2 - 21-08-2022 *\/\n.elementor-heading-title{padding:0;margin:0;line-height:1}.elementor-widget-heading .elementor-heading-title[class*=elementor-size-]>a{color:inherit;font-size:inherit;line-height:inherit}.elementor-widget-heading .elementor-heading-title.elementor-size-small{font-size:15px}.elementor-widget-heading .elementor-heading-title.elementor-size-medium{font-size:19px}.elementor-widget-heading .elementor-heading-title.elementor-size-large{font-size:29px}.elementor-widget-heading .elementor-heading-title.elementor-size-xl{font-size:39px}.elementor-widget-heading .elementor-heading-title.elementor-size-xxl{font-size:59px}<\/style><h2 class=\"elementor-heading-title elementor-size-default\">pol\u00edtica de cookies<\/h2>\t\t<\/div>\n\t\t\t\t<\/div>\n\t\t\t\t\t<\/div>\n\t\t<\/div>\n\t\t\t\t\t\t\t<\/div>\n\t\t<\/section>\n\t\t\t\t<section class=\"elementor-section elementor-top-section elementor-element elementor-element-3851e7d elementor-section-boxed elementor-section-height-default elementor-section-height-default qodef-elementor-content-no qodef-elementor-back-btn-skin-default qodef-section-title-text-holder-no qodef-section-line-animation-holder-no\" data-id=\"3851e7d\" data-element_type=\"section\">\n\t\t\t\t\t\t<div class=\"elementor-container elementor-column-gap-default\">\n\t\t\t\t\t<div class=\"elementor-column elementor-col-100 elementor-top-column elementor-element elementor-element-818318d\" data-id=\"818318d\" data-element_type=\"column\">\n\t\t\t<div class=\"elementor-widget-wrap elementor-element-populated\">\n\t\t\t\t\t\t\t\t<div class=\"elementor-element elementor-element-bbe5efd elementor-widget elementor-widget-text-editor\" data-id=\"bbe5efd\" data-element_type=\"widget\" data-widget_type=\"text-editor.default\">\n\t\t\t\t<div class=\"elementor-widget-container\">\n\t\t\t<style>\/*! elementor - v3.7.2 - 21-08-2022 *\/\n.elementor-widget-text-editor.elementor-drop-cap-view-stacked .elementor-drop-cap{background-color:#818a91;color:#fff}.elementor-widget-text-editor.elementor-drop-cap-view-framed .elementor-drop-cap{color:#818a91;border:3px solid;background-color:transparent}.elementor-widget-text-editor:not(.elementor-drop-cap-view-default) .elementor-drop-cap{margin-top:8px}.elementor-widget-text-editor:not(.elementor-drop-cap-view-default) .elementor-drop-cap-letter{width:1em;height:1em}.elementor-widget-text-editor .elementor-drop-cap{float:left;text-align:center;line-height:1;font-size:50px}.elementor-widget-text-editor .elementor-drop-cap-letter{display:inline-block}<\/style>\t\t\t\t<p>Cookie es un archivo que se descarga en su ordenador al acceder a determinadas p\u00e1ginas web. Las cookies permiten a una p\u00e1gina web, entre otras cosas, almacenar y recuperar informaci\u00f3n sobre los h\u00e1bitos de navegaci\u00f3n de un usuario o de su equipo y, dependiendo de la informaci\u00f3n que contengan y de la forma en que utilice su equipo, se pueden utilizar para reconocer al usuario. El navegador del usuario memoriza cookies en el disco duro s\u00f3lo durante la sesi\u00f3n actual ocupando un espacio de memoria m\u00ednimo y no perjudicando al ordenador. Las cookies no contienen ning\u00fan tipo de informaci\u00f3n personal espec\u00edfica, y la mayor\u00eda se borran del disco duro al finalizar la sesi\u00f3n de navegador (las llamadas cookies de sesi\u00f3n).<\/p>\n<p>La mayor\u00eda de los navegadores aceptan como est\u00e1ndar las cookies y, con independencia de las mismas, permiten o impiden en los ajustes de seguridad las cookies temporales o memorizadas.<\/p>\n<p>Sin su expreso consentimiento \u2013mediante la activaci\u00f3n de las cookies en su navegador\u2013 <strong>GIRONA CHIROPRACTIC SL<\/strong> no enlazar\u00e1 a las cookies los datos memorizados con sus datos personales proporcionados.<\/p>\n<p>\u00bfQu\u00e9 tipos de cookies utiliza esta p\u00e1gina web?<\/p>\n<p><strong>&#8211; Cookies t\u00e9cnicas:<\/strong> Son aquellas que permiten al usuario la navegaci\u00f3n a trav\u00e9s de una p\u00e1gina web, plataforma o aplicaci\u00f3n y la utilizaci\u00f3n de las diferentes opciones o servicios existentes como, por ejemplo, controlar el tr\u00e1fico y la comunicaci\u00f3n de datos, identificar la sesi\u00f3n , acceder a partes de acceso restringido, recordar los elementos que integran un pedido, realizar el proceso de compra de un pedido, realizar la solicitud de inscripci\u00f3n o participaci\u00f3n en un evento, utilizar elementos de seguridad durante la navegaci\u00f3n, almacenar contenidos para la difusi\u00f3n de v\u00eddeos o sonido o compartir contenidos a trav\u00e9s de redes sociales.<\/p>\n<p><strong>&#8211; Cookies de personalizaci\u00f3n:<\/strong> Son aquellas que permiten al usuario acceder al servicio con algunas caracter\u00edsticas de car\u00e1cter general predefinidas en funci\u00f3n de una serie de criterios en el terminal del usuario como ser\u00edan el idioma, el tipo de navegador a trav\u00e9s del cual accede al servicio , la configuraci\u00f3n regional desde donde accede al servicio, etc.<\/p>\n<p><strong>&#8211; Cookies de an\u00e1lisis:<\/strong> Son aquellas que bien tratadas por nosotros o por terceros, nos permiten cuantificar el n\u00famero de usuarios y as\u00ed realizar la medici\u00f3n y el an\u00e1lisis estad\u00edstico de la utilizaci\u00f3n que hacen los usuarios del servicio ofrecido. Por eso se analiza su navegaci\u00f3n en nuestra p\u00e1gina web para mejorar la oferta de productos o servicios que le ofrecemos.<\/p>\n<p><strong>&#8211; Cookies publicitarias:<\/strong> Son aquellas que, bien tratadas por nosotros o por terceros, nos permiten gestionar de la forma m\u00e1s eficaz posible la oferta de los espacios publicitarios que existen en la p\u00e1gina web, adecuando el contenido del anuncio al contenido del servicio solicitado o al uso que haga de nuestra p\u00e1gina web. Por eso podemos analizar sus h\u00e1bitos de navegaci\u00f3n en Internet y podemos mostrar publicidad relacionada con su perfil de navegaci\u00f3n.<\/p>\n<p><strong>&#8211; Cookies de publicidad comportamental:<\/strong> Son aquellas que permiten la gesti\u00f3n, de la forma m\u00e1s eficaz posible, de los espacios publicitarios que, en su caso, el editor haya incluido en una p\u00e1gina web, aplicaci\u00f3n o plataforma desde la que presta el servicio solo. licidad. Estas cookies almacenan informaci\u00f3n del comportamiento de los usuarios obtenida a trav\u00e9s de la continua observaci\u00f3n de sus h\u00e1bitos de navegaci\u00f3n, lo que permite desarrollar un perfil espec\u00edfico para mostrar publicidad en funci\u00f3n del mismo.<\/p>\n<p><strong>&#8211; Cookies de terceros:<\/strong> La Web de GIRONA CHIROPRACTIC SL puede utilizar servicios de terceros que recopilar\u00e1n informaci\u00f3n con fines estad\u00edsticos, de uso del Site por parte del usuario y para la prestaci\u00f3n de otros servicios relacionados con la actividad del Website y otros servicios de Internet.<\/p><p><br><\/p>\n<p>En particular, este sitio web utiliza Google Analytics, un servicio anal\u00edtico de web prestado por Google, Inc. con domicilio en Estados Unidos con sede central en 1600 Amphitheatre Parkway, Mountain View, California 94043. Para la prestaci\u00f3n de estos servicios, \u00e9stos utilizan cookies que recopilan la informaci\u00f3n, incluida la direcci\u00f3n IP del usuario, que ser\u00e1 transmitida, tratada y almacenada por Google en los t\u00e9rminos fijados en la Web Google.com. Incluyendo la posible transmisi\u00f3n de la informaci\u00f3n a terceros por razones de exigencia legal o cuando estos terceros procesen la informaci\u00f3n por cuenta de Google.<\/p>\n<p>El Usuario acepta expresamente, por la utilizaci\u00f3n de este Site, el tratamiento de la informaci\u00f3n recogida en la forma y con las finalidades anteriormente citadas. Y tambi\u00e9n reconoce conocer la posibilidad de rechazar el tratamiento de estos datos o informaci\u00f3n rechazando el uso de Cookies mediante la selecci\u00f3n de la configuraci\u00f3n apropiada a tal fin en su navegador. Si bien esta opci\u00f3n de bloqueo de Cookies en su navegador puede no permitir el uso pleno de todas las funcionalidades del Website.<\/p>\n<p>Puede permitir, bloquear o eliminar las cookies instaladas en su equipo mediante la configuraci\u00f3n de las opciones del navegador instalado en su ordenador.<\/p>\n<p>Si tiene dudas sobre esta pol\u00edtica de cookies, puede contactar con <strong>GIRONA CHIROPRACTIC SL<\/strong> en <strong>info@sagarzazuquiropractic.com<\/strong><\/p>\t\t\t\t\t\t<\/div>\n\t\t\t\t<\/div>\n\t\t\t\t\t<\/div>\n\t\t<\/div>\n\t\t\t\t\t\t\t<\/div>\n\t\t<\/section>\n\t\t\t\t\t\t\t<\/div>\n\t\t","protected":false},"excerpt":{"rendered":"<p>pol\u00edtica de cookies Cookie es un archivo que se descarga en su ordenador al acceder a determinadas p\u00e1ginas web. Las cookies permiten a una p\u00e1gina web, entre otras cosas, almacenar y recuperar informaci\u00f3n sobre los h\u00e1bitos de navegaci\u00f3n de un usuario o de su equipo y, dependiendo de la informaci\u00f3n que contengan y de la [&hellip;]<\/p>\n","protected":false},"author":1,"featured_media":0,"parent":0,"menu_order":0,"comment_status":"closed","ping_status":"closed","template":"","meta":{"_joinchat":[],"footnotes":""},"class_list":["post-14077","page","type-page","status-publish","hentry"],"yoast_head":"<!-- This site is optimized with the Yoast SEO plugin v19.7.1 - https:\/\/yoast.com\/wordpress\/plugins\/seo\/ -->\n<title>Pol\u00edtica de Cookies - Sagarzazu<\/title>\n<meta name=\"robots\" content=\"index, follow, max-snippet:-1, max-image-preview:large, max-video-preview:-1\" \/>\n<link rel=\"canonical\" href=\"https:\/\/sagarzazuquiropractic.com\/es\/politica-de-cookies\/\" \/>\n<meta property=\"og:locale\" content=\"es_ES\" \/>\n<meta property=\"og:type\" content=\"article\" \/>\n<meta property=\"og:title\" content=\"Pol\u00edtica de Cookies - Sagarzazu\" \/>\n<meta property=\"og:description\" content=\"pol\u00edtica de cookies Cookie es un archivo que se descarga en su ordenador al acceder a determinadas p\u00e1ginas web. Las cookies permiten a una p\u00e1gina web, entre otras cosas, almacenar y recuperar informaci\u00f3n sobre los h\u00e1bitos de navegaci\u00f3n de un usuario o de su equipo y, dependiendo de la informaci\u00f3n que contengan y de la [&hellip;]\" \/>\n<meta property=\"og:url\" content=\"https:\/\/sagarzazuquiropractic.com\/es\/politica-de-cookies\/\" \/>\n<meta property=\"og:site_name\" content=\"Sagarzazu\" \/>\n<meta property=\"article:modified_time\" content=\"2023-09-05T18:18:31+00:00\" \/>\n<meta name=\"twitter:card\" content=\"summary_large_image\" \/>\n<meta name=\"twitter:label1\" content=\"Tiempo de lectura\" \/>\n\t<meta name=\"twitter:data1\" content=\"4 minutos\" \/>\n<script type=\"application\/ld+json\" class=\"yoast-schema-graph\">{\"@context\":\"https:\/\/schema.org\",\"@graph\":[{\"@type\":\"WebPage\",\"@id\":\"https:\/\/sagarzazuquiropractic.com\/es\/politica-de-cookies\/\",\"url\":\"https:\/\/sagarzazuquiropractic.com\/es\/politica-de-cookies\/\",\"name\":\"Pol\u00edtica de Cookies - Sagarzazu\",\"isPartOf\":{\"@id\":\"https:\/\/sagarzazuquiropractic.com\/#website\"},\"datePublished\":\"2022-08-08T12:29:13+00:00\",\"dateModified\":\"2023-09-05T18:18:31+00:00\",\"breadcrumb\":{\"@id\":\"https:\/\/sagarzazuquiropractic.com\/es\/politica-de-cookies\/#breadcrumb\"},\"inLanguage\":\"es\",\"potentialAction\":[{\"@type\":\"ReadAction\",\"target\":[\"https:\/\/sagarzazuquiropractic.com\/es\/politica-de-cookies\/\"]}]},{\"@type\":\"BreadcrumbList\",\"@id\":\"https:\/\/sagarzazuquiropractic.com\/es\/politica-de-cookies\/#breadcrumb\",\"itemListElement\":[{\"@type\":\"ListItem\",\"position\":1,\"name\":\"Inici\",\"item\":\"https:\/\/sagarzazuquiropractic.com\/es\/sagarzazu\/\"},{\"@type\":\"ListItem\",\"position\":2,\"name\":\"Pol\u00edtica de Cookies\"}]},{\"@type\":\"WebSite\",\"@id\":\"https:\/\/sagarzazuquiropractic.com\/#website\",\"url\":\"https:\/\/sagarzazuquiropractic.com\/\",\"name\":\"Sagarzazu\",\"description\":\"Centre Quiropractic Girona\",\"publisher\":{\"@id\":\"https:\/\/sagarzazuquiropractic.com\/#organization\"},\"potentialAction\":[{\"@type\":\"SearchAction\",\"target\":{\"@type\":\"EntryPoint\",\"urlTemplate\":\"https:\/\/sagarzazuquiropractic.com\/?s={search_term_string}\"},\"query-input\":\"required name=search_term_string\"}],\"inLanguage\":\"es\"},{\"@type\":\"Organization\",\"@id\":\"https:\/\/sagarzazuquiropractic.com\/#organization\",\"name\":\"Sagarzazu Quiropractic\",\"url\":\"https:\/\/sagarzazuquiropractic.com\/\",\"sameAs\":[\"https:\/\/www.instagram.com\/sagarzazu_centre_quiropractic\/\"],\"logo\":{\"@type\":\"ImageObject\",\"inLanguage\":\"es\",\"@id\":\"https:\/\/sagarzazuquiropractic.com\/#\/schema\/logo\/image\/\",\"url\":\"https:\/\/sagarzazuquiropractic.com\/\/wp-content\/uploads\/2022\/08\/cropped-logofavsz0.png\",\"contentUrl\":\"https:\/\/sagarzazuquiropractic.com\/\/wp-content\/uploads\/2022\/08\/cropped-logofavsz0.png\",\"width\":512,\"height\":512,\"caption\":\"Sagarzazu Quiropractic\"},\"image\":{\"@id\":\"https:\/\/sagarzazuquiropractic.com\/#\/schema\/logo\/image\/\"}}]}<\/script>\n<!-- \/ Yoast SEO plugin. -->","yoast_head_json":{"title":"Pol\u00edtica de Cookies - Sagarzazu","robots":{"index":"index","follow":"follow","max-snippet":"max-snippet:-1","max-image-preview":"max-image-preview:large","max-video-preview":"max-video-preview:-1"},"canonical":"https:\/\/sagarzazuquiropractic.com\/es\/politica-de-cookies\/","og_locale":"es_ES","og_type":"article","og_title":"Pol\u00edtica de Cookies - Sagarzazu","og_description":"pol\u00edtica de cookies Cookie es un archivo que se descarga en su ordenador al acceder a determinadas p\u00e1ginas web. Las cookies permiten a una p\u00e1gina web, entre otras cosas, almacenar y recuperar informaci\u00f3n sobre los h\u00e1bitos de navegaci\u00f3n de un usuario o de su equipo y, dependiendo de la informaci\u00f3n que contengan y de la [&hellip;]","og_url":"https:\/\/sagarzazuquiropractic.com\/es\/politica-de-cookies\/","og_site_name":"Sagarzazu","article_modified_time":"2023-09-05T18:18:31+00:00","twitter_card":"summary_large_image","twitter_misc":{"Tiempo de lectura":"4 minutos"},"schema":{"@context":"https:\/\/schema.org","@graph":[{"@type":"WebPage","@id":"https:\/\/sagarzazuquiropractic.com\/es\/politica-de-cookies\/","url":"https:\/\/sagarzazuquiropractic.com\/es\/politica-de-cookies\/","name":"Pol\u00edtica de Cookies - Sagarzazu","isPartOf":{"@id":"https:\/\/sagarzazuquiropractic.com\/#website"},"datePublished":"2022-08-08T12:29:13+00:00","dateModified":"2023-09-05T18:18:31+00:00","breadcrumb":{"@id":"https:\/\/sagarzazuquiropractic.com\/es\/politica-de-cookies\/#breadcrumb"},"inLanguage":"es","potentialAction":[{"@type":"ReadAction","target":["https:\/\/sagarzazuquiropractic.com\/es\/politica-de-cookies\/"]}]},{"@type":"BreadcrumbList","@id":"https:\/\/sagarzazuquiropractic.com\/es\/politica-de-cookies\/#breadcrumb","itemListElement":[{"@type":"ListItem","position":1,"name":"Inici","item":"https:\/\/sagarzazuquiropractic.com\/es\/sagarzazu\/"},{"@type":"ListItem","position":2,"name":"Pol\u00edtica de Cookies"}]},{"@type":"WebSite","@id":"https:\/\/sagarzazuquiropractic.com\/#website","url":"https:\/\/sagarzazuquiropractic.com\/","name":"Sagarzazu","description":"Centre Quiropractic Girona","publisher":{"@id":"https:\/\/sagarzazuquiropractic.com\/#organization"},"potentialAction":[{"@type":"SearchAction","target":{"@type":"EntryPoint","urlTemplate":"https:\/\/sagarzazuquiropractic.com\/?s={search_term_string}"},"query-input":"required name=search_term_string"}],"inLanguage":"es"},{"@type":"Organization","@id":"https:\/\/sagarzazuquiropractic.com\/#organization","name":"Sagarzazu Quiropractic","url":"https:\/\/sagarzazuquiropractic.com\/","sameAs":["https:\/\/www.instagram.com\/sagarzazu_centre_quiropractic\/"],"logo":{"@type":"ImageObject","inLanguage":"es","@id":"https:\/\/sagarzazuquiropractic.com\/#\/schema\/logo\/image\/","url":"https:\/\/sagarzazuquiropractic.com\/\/wp-content\/uploads\/2022\/08\/cropped-logofavsz0.png","contentUrl":"https:\/\/sagarzazuquiropractic.com\/\/wp-content\/uploads\/2022\/08\/cropped-logofavsz0.png","width":512,"height":512,"caption":"Sagarzazu Quiropractic"},"image":{"@id":"https:\/\/sagarzazuquiropractic.com\/#\/schema\/logo\/image\/"}}]}},"_links":{"self":[{"href":"https:\/\/sagarzazuquiropractic.com\/es\/wp-json\/wp\/v2\/pages\/14077","targetHints":{"allow":["GET"]}}],"collection":[{"href":"https:\/\/sagarzazuquiropractic.com\/es\/wp-json\/wp\/v2\/pages"}],"about":[{"href":"https:\/\/sagarzazuquiropractic.com\/es\/wp-json\/wp\/v2\/types\/page"}],"author":[{"embeddable":true,"href":"https:\/\/sagarzazuquiropractic.com\/es\/wp-json\/wp\/v2\/users\/1"}],"replies":[{"embeddable":true,"href":"https:\/\/sagarzazuquiropractic.com\/es\/wp-json\/wp\/v2\/comments?post=14077"}],"version-history":[{"count":20,"href":"https:\/\/sagarzazuquiropractic.com\/es\/wp-json\/wp\/v2\/pages\/14077\/revisions"}],"predecessor-version":[{"id":17202,"href":"https:\/\/sagarzazuquiropractic.com\/es\/wp-json\/wp\/v2\/pages\/14077\/revisions\/17202"}],"wp:attachment":[{"href":"https:\/\/sagarzazuquiropractic.com\/es\/wp-json\/wp\/v2\/media?parent=14077"}],"curies":[{"name":"wp","href":"https:\/\/api.w.org\/{rel}","templated":true}]}}